{"id":1875,"date":"2023-09-19T17:08:01","date_gmt":"2023-09-19T17:08:01","guid":{"rendered":"https:\/\/www.whitemont.com\/wp\/?page_id=1875"},"modified":"2023-09-22T17:05:26","modified_gmt":"2023-09-22T17:05:26","slug":"gestion-des-risques","status":"publish","type":"page","link":"https:\/\/www.whitemont.com\/wp\/en\/gestion-des-risques\/","title":{"rendered":"Risk management \/ Insurance"},"content":{"rendered":"<div data-elementor-type=\"wp-page\" data-elementor-id=\"1875\" class=\"elementor elementor-1875\" data-elementor-post-type=\"page\">\n\t\t\t\t<div data-particle_enable=\"false\" data-particle-mobile-disabled=\"false\" class=\"elementor-element elementor-element-4c729081 e-flex e-con-boxed e-con e-parent\" data-id=\"4c729081\" data-element_type=\"container\" data-e-type=\"container\">\n\t\t\t\t\t<div class=\"e-con-inner\">\n\t\t\t\t<div class=\"elementor-element elementor-element-b33d834 elementor-widget__width-inherit elementor-widget elementor-widget-image\" data-id=\"b33d834\" data-element_type=\"widget\" data-e-type=\"widget\" data-widget_type=\"image.default\">\n\t\t\t\t<div class=\"elementor-widget-container\">\n\t\t\t\t\t\t\t\t\t\t\t\t\t\t\t<img fetchpriority=\"high\" decoding=\"async\" width=\"2000\" height=\"1335\" src=\"https:\/\/www.whitemont.com\/wp\/wp-content\/uploads\/2023\/09\/GestionRisqueOverview.jpg\" class=\"attachment-full size-full wp-image-2206\" alt=\"\" srcset=\"https:\/\/www.whitemont.com\/wp\/wp-content\/uploads\/2023\/09\/GestionRisqueOverview.jpg 2000w, https:\/\/www.whitemont.com\/wp\/wp-content\/uploads\/2023\/09\/GestionRisqueOverview-300x200.jpg 300w, https:\/\/www.whitemont.com\/wp\/wp-content\/uploads\/2023\/09\/GestionRisqueOverview-1024x684.jpg 1024w, https:\/\/www.whitemont.com\/wp\/wp-content\/uploads\/2023\/09\/GestionRisqueOverview-768x513.jpg 768w, https:\/\/www.whitemont.com\/wp\/wp-content\/uploads\/2023\/09\/GestionRisqueOverview-1536x1025.jpg 1536w\" sizes=\"(max-width: 2000px) 100vw, 2000px\" \/>\t\t\t\t\t\t\t\t\t\t\t\t\t\t\t<\/div>\n\t\t\t\t<\/div>\n\t\t\t\t\t<\/div>\n\t\t\t\t<\/div>\n\t\t<div data-particle_enable=\"false\" data-particle-mobile-disabled=\"false\" class=\"elementor-element elementor-element-52c6399f animated-slow e-flex e-con-boxed elementor-invisible e-con e-parent\" data-id=\"52c6399f\" data-element_type=\"container\" data-e-type=\"container\" data-settings=\"{&quot;animation&quot;:&quot;fadeIn&quot;}\">\n\t\t\t\t\t<div class=\"e-con-inner\">\n\t\t\t\t<div class=\"elementor-element elementor-element-5c737b8a elementor-widget elementor-widget-heading\" data-id=\"5c737b8a\" data-element_type=\"widget\" data-e-type=\"widget\" data-widget_type=\"heading.default\">\n\t\t\t\t<div class=\"elementor-widget-container\">\n\t\t\t\t\t<h2 class=\"elementor-heading-title elementor-size-default\">Risk management \/ Insurance\n<\/h2>\t\t\t\t<\/div>\n\t\t\t\t<\/div>\n\t\t\t\t<div class=\"elementor-element elementor-element-507fd5a6 elementor-widget elementor-widget-text-editor\" data-id=\"507fd5a6\" data-element_type=\"widget\" data-e-type=\"widget\" data-widget_type=\"text-editor.default\">\n\t\t\t\t<div class=\"elementor-widget-container\">\n\t\t\t\t\t\t\t\t\t<p class=\"p1\">Using our actuarial expertise, we incorporate a profound understanding of risk with wealth management to create tailored\u00a0solutions that provide optimal wealth protection and growth. This holistic approach ensures that clients receive a carefully crafted financial strategy that aligns with their changing life stages and financial goals.<\/p>\t\t\t\t\t\t\t\t<\/div>\n\t\t\t\t<\/div>\n\t\t\t\t\t<\/div>\n\t\t\t\t<\/div>\n\t\t<div data-particle_enable=\"false\" data-particle-mobile-disabled=\"false\" class=\"elementor-element elementor-element-8d61939 e-flex e-con-boxed e-con e-parent\" data-id=\"8d61939\" data-element_type=\"container\" data-e-type=\"container\">\n\t\t\t\t\t<div class=\"e-con-inner\">\n\t\t<div data-particle_enable=\"false\" data-particle-mobile-disabled=\"false\" class=\"elementor-element elementor-element-afd1227 e-con-full e-flex elementor-invisible e-con e-child\" data-id=\"afd1227\" data-element_type=\"container\" data-e-type=\"container\" data-settings=\"{&quot;animation&quot;:&quot;slideInLeft&quot;}\">\n\t\t\t\t<div class=\"elementor-element elementor-element-96f7094 elementor-widget elementor-widget-heading\" data-id=\"96f7094\" data-element_type=\"widget\" data-e-type=\"widget\" data-widget_type=\"heading.default\">\n\t\t\t\t<div class=\"elementor-widget-container\">\n\t\t\t\t\t<h2 class=\"elementor-heading-title elementor-size-default\">Life insurance<\/h2>\t\t\t\t<\/div>\n\t\t\t\t<\/div>\n\t\t\t\t<div class=\"elementor-element elementor-element-d43901c elementor-widget elementor-widget-text-editor\" data-id=\"d43901c\" data-element_type=\"widget\" data-e-type=\"widget\" data-widget_type=\"text-editor.default\">\n\t\t\t\t<div class=\"elementor-widget-container\">\n\t\t\t\t\t\t\t\t\t<p class=\"p1\">At WHITEMONT, our approach to advising on life insurance is focused on preserving the survivors' current standard of living, as opposed to increasing their wealth. We concentrate on providing a safety net that addresses the family's current requirements and obligations, thereby ensuring continuity and stability without excessive gain. For individuals with significant liabilities or dependents, life insurance can be indispensable. It can replace lost income, pay off debts, and cover children's education expenses.<\/p>\t\t\t\t\t\t\t\t<\/div>\n\t\t\t\t<\/div>\n\t\t\t\t<\/div>\n\t\t\t\t\t<\/div>\n\t\t\t\t<\/div>\n\t\t<div data-particle_enable=\"false\" data-particle-mobile-disabled=\"false\" class=\"elementor-element elementor-element-1707691e e-flex e-con-boxed e-con e-parent\" data-id=\"1707691e\" data-element_type=\"container\" data-e-type=\"container\">\n\t\t\t\t\t<div class=\"e-con-inner\">\n\t\t<div data-particle_enable=\"false\" data-particle-mobile-disabled=\"false\" class=\"elementor-element elementor-element-2d1e7383 e-con-full e-flex elementor-invisible e-con e-child\" data-id=\"2d1e7383\" data-element_type=\"container\" data-e-type=\"container\" data-settings=\"{&quot;animation&quot;:&quot;slideInLeft&quot;}\">\n\t\t\t\t<div class=\"elementor-element elementor-element-95b8585 elementor-widget elementor-widget-heading\" data-id=\"95b8585\" data-element_type=\"widget\" data-e-type=\"widget\" data-widget_type=\"heading.default\">\n\t\t\t\t<div class=\"elementor-widget-container\">\n\t\t\t\t\t<h2 class=\"elementor-heading-title elementor-size-default\">Disability insurance<\/h2>\t\t\t\t<\/div>\n\t\t\t\t<\/div>\n\t\t\t\t<div class=\"elementor-element elementor-element-5dfba6c2 elementor-widget elementor-widget-text-editor\" data-id=\"5dfba6c2\" data-element_type=\"widget\" data-e-type=\"widget\" data-widget_type=\"text-editor.default\">\n\t\t\t\t<div class=\"elementor-widget-container\">\n\t\t\t\t\t\t\t\t\t<p class=\"p1\">Essential for self-employed individuals, serving as a financial cushion during periods when they cannot work due to illness or injury and providing continuous support for both personal and business expenses.<\/p>\t\t\t\t\t\t\t\t<\/div>\n\t\t\t\t<\/div>\n\t\t\t\t<\/div>\n\t\t\t\t\t<\/div>\n\t\t\t\t<\/div>\n\t\t<div data-particle_enable=\"false\" data-particle-mobile-disabled=\"false\" class=\"elementor-element elementor-element-08d42bb e-flex e-con-boxed e-con e-parent\" data-id=\"08d42bb\" data-element_type=\"container\" data-e-type=\"container\">\n\t\t\t\t\t<div class=\"e-con-inner\">\n\t\t<div data-particle_enable=\"false\" data-particle-mobile-disabled=\"false\" class=\"elementor-element elementor-element-9f8d0cc e-con-full e-flex elementor-invisible e-con e-child\" data-id=\"9f8d0cc\" data-element_type=\"container\" data-e-type=\"container\" data-settings=\"{&quot;animation&quot;:&quot;slideInLeft&quot;}\">\n\t\t\t\t<div class=\"elementor-element elementor-element-4c2147b elementor-widget elementor-widget-heading\" data-id=\"4c2147b\" data-element_type=\"widget\" data-e-type=\"widget\" data-widget_type=\"heading.default\">\n\t\t\t\t<div class=\"elementor-widget-container\">\n\t\t\t\t\t<h2 class=\"elementor-heading-title elementor-size-default\">Critical Insurance<\/h2>\t\t\t\t<\/div>\n\t\t\t\t<\/div>\n\t\t\t\t<div class=\"elementor-element elementor-element-a02c34e elementor-widget elementor-widget-text-editor\" data-id=\"a02c34e\" data-element_type=\"widget\" data-e-type=\"widget\" data-widget_type=\"text-editor.default\">\n\t\t\t\t<div class=\"elementor-widget-container\">\n\t\t\t\t\t\t\t\t\t<p class=\"p1\">At WHITEMONT, we recommend critical illness insurance to provide our clients with a financial safety net in the event of an unexpected diagnosis of a serious illness. This ensures that they are able to cover their expenses and prioritize their recovery without financial concerns. In addition, with the option of premium reimbursements, clients have the chance to recover their payments if no claim is filed, providing both security and forced savings strategy.<\/p>\t\t\t\t\t\t\t\t<\/div>\n\t\t\t\t<\/div>\n\t\t\t\t<\/div>\n\t\t\t\t\t<\/div>\n\t\t\t\t<\/div>\n\t\t<div data-particle_enable=\"false\" data-particle-mobile-disabled=\"false\" class=\"elementor-element elementor-element-4e22b32 e-flex e-con-boxed e-con e-parent\" data-id=\"4e22b32\" data-element_type=\"container\" data-e-type=\"container\">\n\t\t\t\t\t<div class=\"e-con-inner\">\n\t\t<div data-particle_enable=\"false\" data-particle-mobile-disabled=\"false\" class=\"elementor-element elementor-element-98cb8d5 e-con-full e-flex elementor-invisible e-con e-child\" data-id=\"98cb8d5\" data-element_type=\"container\" data-e-type=\"container\" data-settings=\"{&quot;animation&quot;:&quot;slideInLeft&quot;}\">\n\t\t\t\t<div class=\"elementor-element elementor-element-a39aa2e elementor-widget elementor-widget-heading\" data-id=\"a39aa2e\" data-element_type=\"widget\" data-e-type=\"widget\" data-widget_type=\"heading.default\">\n\t\t\t\t<div class=\"elementor-widget-container\">\n\t\t\t\t\t<h2 class=\"elementor-heading-title elementor-size-default\">Long-Term Care Insurance<\/h2>\t\t\t\t<\/div>\n\t\t\t\t<\/div>\n\t\t\t\t<div class=\"elementor-element elementor-element-2e44582 elementor-widget elementor-widget-text-editor\" data-id=\"2e44582\" data-element_type=\"widget\" data-e-type=\"widget\" data-widget_type=\"text-editor.default\">\n\t\t\t\t<div class=\"elementor-widget-container\">\n\t\t\t\t\t\t\t\t\t<p class=\"p1\">Due to its high cost and potential impact on clients' budgets, we rarely recommend this type of coverage. However, it addresses the costs of daily care services not typically covered by standard health insurance. This coverage safeguards against astronomical unanticipated costs, ensuring that individuals receive quality care in their later years or during health emergencies without depleting their savings.<\/p>\t\t\t\t\t\t\t\t<\/div>\n\t\t\t\t<\/div>\n\t\t\t\t<\/div>\n\t\t\t\t\t<\/div>\n\t\t\t\t<\/div>\n\t\t<div data-particle_enable=\"false\" data-particle-mobile-disabled=\"false\" class=\"elementor-element elementor-element-9253699 e-flex e-con-boxed e-con e-parent\" data-id=\"9253699\" data-element_type=\"container\" data-e-type=\"container\">\n\t\t\t\t\t<div class=\"e-con-inner\">\n\t\t<div data-particle_enable=\"false\" data-particle-mobile-disabled=\"false\" class=\"elementor-element elementor-element-fbeaf83 e-con-full e-flex elementor-invisible e-con e-child\" data-id=\"fbeaf83\" data-element_type=\"container\" data-e-type=\"container\" data-settings=\"{&quot;animation&quot;:&quot;slideInLeft&quot;}\">\n\t\t\t\t<div class=\"elementor-element elementor-element-710e963 elementor-widget elementor-widget-heading\" data-id=\"710e963\" data-element_type=\"widget\" data-e-type=\"widget\" data-widget_type=\"heading.default\">\n\t\t\t\t<div class=\"elementor-widget-container\">\n\t\t\t\t\t<h2 class=\"elementor-heading-title elementor-size-default\">Annuities<\/h2>\t\t\t\t<\/div>\n\t\t\t\t<\/div>\n\t\t\t\t<div class=\"elementor-element elementor-element-c450d29 elementor-widget elementor-widget-text-editor\" data-id=\"c450d29\" data-element_type=\"widget\" data-e-type=\"widget\" data-widget_type=\"text-editor.default\">\n\t\t\t\t<div class=\"elementor-widget-container\">\n\t\t\t\t\t\t\t\t\t<p class=\"p1\">At WHITEMONT, we use annuities as a strategic investment instrument, providing a guaranteed income stream, particularly during retirement, as well as tax-deferred growth and market volatility protection. Their adaptability and prospective estate planning advantages make them a valuable addition to a diversified portfolio.<\/p>\t\t\t\t\t\t\t\t<\/div>\n\t\t\t\t<\/div>\n\t\t\t\t<\/div>\n\t\t\t\t\t<\/div>\n\t\t\t\t<\/div>\n\t\t\t\t<\/div>","protected":false},"excerpt":{"rendered":"<p>Gestion des risques En utilisant notre expertise actuarielle, nous int\u00e9grons une compr\u00e9hension profonde du risque \u00e0 la gestion de patrimoine pour cr\u00e9er des solutions sur mesure qui offrent une protection et une croissance optimales du patrimoine. Cette approche holistique garantit que les clients re\u00e7oivent une strat\u00e9gie financi\u00e8re soigneusement \u00e9labor\u00e9e qui s&rsquo;aligne sur leurs \u00e9tapes de<br \/><a class=\"moretag\" href=\"https:\/\/www.whitemont.com\/wp\/en\/gestion-des-risques\/\">+ Read More<\/a><\/p>","protected":false},"author":1,"featured_media":0,"parent":0,"menu_order":0,"comment_status":"closed","ping_status":"closed","template":"elementor_header_footer","meta":{"footnotes":""},"class_list":["post-1875","page","type-page","status-publish","hentry"],"_links":{"self":[{"href":"https:\/\/www.whitemont.com\/wp\/en\/wp-json\/wp\/v2\/pages\/1875","targetHints":{"allow":["GET"]}}],"collection":[{"href":"https:\/\/www.whitemont.com\/wp\/en\/wp-json\/wp\/v2\/pages"}],"about":[{"href":"https:\/\/www.whitemont.com\/wp\/en\/wp-json\/wp\/v2\/types\/page"}],"author":[{"embeddable":true,"href":"https:\/\/www.whitemont.com\/wp\/en\/wp-json\/wp\/v2\/users\/1"}],"replies":[{"embeddable":true,"href":"https:\/\/www.whitemont.com\/wp\/en\/wp-json\/wp\/v2\/comments?post=1875"}],"version-history":[{"count":82,"href":"https:\/\/www.whitemont.com\/wp\/en\/wp-json\/wp\/v2\/pages\/1875\/revisions"}],"predecessor-version":[{"id":3012,"href":"https:\/\/www.whitemont.com\/wp\/en\/wp-json\/wp\/v2\/pages\/1875\/revisions\/3012"}],"wp:attachment":[{"href":"https:\/\/www.whitemont.com\/wp\/en\/wp-json\/wp\/v2\/media?parent=1875"}],"curies":[{"name":"wp","href":"https:\/\/api.w.org\/{rel}","templated":true}]}}