{"id":1998,"date":"2023-09-19T19:38:16","date_gmt":"2023-09-19T19:38:16","guid":{"rendered":"https:\/\/www.whitemont.com\/wp\/?page_id=1998"},"modified":"2023-09-22T17:05:19","modified_gmt":"2023-09-22T17:05:19","slug":"gestion-du-passif","status":"publish","type":"page","link":"https:\/\/www.whitemont.com\/wp\/en\/gestion-du-passif\/","title":{"rendered":"Debt management \/ Mortgages"},"content":{"rendered":"<div data-elementor-type=\"wp-page\" data-elementor-id=\"1998\" class=\"elementor elementor-1998\" data-elementor-post-type=\"page\">\n\t\t\t\t<div data-particle_enable=\"false\" data-particle-mobile-disabled=\"false\" class=\"elementor-element elementor-element-4c729081 e-flex e-con-boxed e-con e-parent\" data-id=\"4c729081\" data-element_type=\"container\" data-e-type=\"container\">\n\t\t\t\t\t<div class=\"e-con-inner\">\n\t\t\t\t<div class=\"elementor-element elementor-element-b33d834 elementor-widget__width-inherit elementor-widget elementor-widget-image\" data-id=\"b33d834\" data-element_type=\"widget\" data-e-type=\"widget\" data-widget_type=\"image.default\">\n\t\t\t\t<div class=\"elementor-widget-container\">\n\t\t\t\t\t\t\t\t\t\t\t\t\t\t\t<img fetchpriority=\"high\" decoding=\"async\" width=\"2000\" height=\"1335\" src=\"https:\/\/www.whitemont.com\/wp\/wp-content\/uploads\/2023\/09\/RiskORG.jpg\" class=\"attachment-full size-full wp-image-1877\" alt=\"\" srcset=\"https:\/\/www.whitemont.com\/wp\/wp-content\/uploads\/2023\/09\/RiskORG.jpg 2000w, https:\/\/www.whitemont.com\/wp\/wp-content\/uploads\/2023\/09\/RiskORG-300x200.jpg 300w, https:\/\/www.whitemont.com\/wp\/wp-content\/uploads\/2023\/09\/RiskORG-1024x684.jpg 1024w, https:\/\/www.whitemont.com\/wp\/wp-content\/uploads\/2023\/09\/RiskORG-768x513.jpg 768w, https:\/\/www.whitemont.com\/wp\/wp-content\/uploads\/2023\/09\/RiskORG-1536x1025.jpg 1536w\" sizes=\"(max-width: 2000px) 100vw, 2000px\" \/>\t\t\t\t\t\t\t\t\t\t\t\t\t\t\t<\/div>\n\t\t\t\t<\/div>\n\t\t\t\t\t<\/div>\n\t\t\t\t<\/div>\n\t\t<div data-particle_enable=\"false\" data-particle-mobile-disabled=\"false\" class=\"elementor-element elementor-element-52c6399f animated-slow e-flex e-con-boxed elementor-invisible e-con e-parent\" data-id=\"52c6399f\" data-element_type=\"container\" data-e-type=\"container\" data-settings=\"{&quot;animation&quot;:&quot;fadeIn&quot;}\">\n\t\t\t\t\t<div class=\"e-con-inner\">\n\t\t\t\t<div class=\"elementor-element elementor-element-5c737b8a elementor-widget elementor-widget-heading\" data-id=\"5c737b8a\" data-element_type=\"widget\" data-e-type=\"widget\" data-widget_type=\"heading.default\">\n\t\t\t\t<div class=\"elementor-widget-container\">\n\t\t\t\t\t<h2 class=\"elementor-heading-title elementor-size-default\">Debt management \/ Mortgages<\/h2>\t\t\t\t<\/div>\n\t\t\t\t<\/div>\n\t\t\t\t<div class=\"elementor-element elementor-element-507fd5a6 elementor-widget elementor-widget-text-editor\" data-id=\"507fd5a6\" data-element_type=\"widget\" data-e-type=\"widget\" data-widget_type=\"text-editor.default\">\n\t\t\t\t<div class=\"elementor-widget-container\">\n\t\t\t\t\t\t\t\t\t<p class=\"p1\">At WHITEMONT, we recognize that effective wealth management is impossible without prudent debt management. We guide our clients through the complexities of both to ensure a comprehensive approach to their finances. After conducting a complete analysis of their current financial situation, we devise individualized strategies that may include loan consolidation, interest rate renegotiation, or the development of structured repayment schedules. Our goal is not only to alleviate immediate financial pressures, but also to set the foundation for long-term financial stability and expansion.<\/p>\t\t\t\t\t\t\t\t<\/div>\n\t\t\t\t<\/div>\n\t\t\t\t\t<\/div>\n\t\t\t\t<\/div>\n\t\t\t\t<\/div>","protected":false},"excerpt":{"rendered":"<p>Gestion du passif Chez WHITEMONT, nous reconnaissons qu&rsquo;une gestion efficace de la richesse est impossible sans une gestion prudente de la dette. Nous guidons nos clients \u00e0 travers les complexit\u00e9s des deux c\u00f4t\u00e9s de leur bilan pour garantir une approche globale de leurs finances. Apr\u00e8s avoir effectu\u00e9 une analyse compl\u00e8te de leur situation financi\u00e8re actuelle,<br \/><a class=\"moretag\" href=\"https:\/\/www.whitemont.com\/wp\/en\/gestion-du-passif\/\">+ Read More<\/a><\/p>","protected":false},"author":1,"featured_media":0,"parent":0,"menu_order":0,"comment_status":"closed","ping_status":"closed","template":"elementor_header_footer","meta":{"footnotes":""},"class_list":["post-1998","page","type-page","status-publish","hentry"],"_links":{"self":[{"href":"https:\/\/www.whitemont.com\/wp\/en\/wp-json\/wp\/v2\/pages\/1998","targetHints":{"allow":["GET"]}}],"collection":[{"href":"https:\/\/www.whitemont.com\/wp\/en\/wp-json\/wp\/v2\/pages"}],"about":[{"href":"https:\/\/www.whitemont.com\/wp\/en\/wp-json\/wp\/v2\/types\/page"}],"author":[{"embeddable":true,"href":"https:\/\/www.whitemont.com\/wp\/en\/wp-json\/wp\/v2\/users\/1"}],"replies":[{"embeddable":true,"href":"https:\/\/www.whitemont.com\/wp\/en\/wp-json\/wp\/v2\/comments?post=1998"}],"version-history":[{"count":22,"href":"https:\/\/www.whitemont.com\/wp\/en\/wp-json\/wp\/v2\/pages\/1998\/revisions"}],"predecessor-version":[{"id":3009,"href":"https:\/\/www.whitemont.com\/wp\/en\/wp-json\/wp\/v2\/pages\/1998\/revisions\/3009"}],"wp:attachment":[{"href":"https:\/\/www.whitemont.com\/wp\/en\/wp-json\/wp\/v2\/media?parent=1998"}],"curies":[{"name":"wp","href":"https:\/\/api.w.org\/{rel}","templated":true}]}}