{"id":2050,"date":"2023-09-19T20:13:45","date_gmt":"2023-09-19T20:13:45","guid":{"rendered":"https:\/\/www.whitemont.com\/wp\/?page_id=2050"},"modified":"2023-09-25T00:16:36","modified_gmt":"2023-09-25T00:16:36","slug":"valeur-excellence","status":"publish","type":"page","link":"https:\/\/www.whitemont.com\/wp\/en\/valeur-excellence\/","title":{"rendered":"Valeur Excellence"},"content":{"rendered":"<div data-elementor-type=\"wp-page\" data-elementor-id=\"2050\" class=\"elementor elementor-2050\" data-elementor-post-type=\"page\">\n\t\t\t\t<div data-particle_enable=\"false\" data-particle-mobile-disabled=\"false\" class=\"elementor-element elementor-element-4c52fda6 e-flex e-con-boxed e-con e-parent\" data-id=\"4c52fda6\" data-element_type=\"container\" data-e-type=\"container\">\n\t\t\t\t\t<div class=\"e-con-inner\">\n\t\t\t\t<div class=\"elementor-element elementor-element-1d28dde1 elementor-widget__width-inherit elementor-widget elementor-widget-image\" data-id=\"1d28dde1\" data-element_type=\"widget\" data-e-type=\"widget\" data-widget_type=\"image.default\">\n\t\t\t\t<div class=\"elementor-widget-container\">\n\t\t\t\t\t\t\t\t\t\t\t\t\t\t\t<img fetchpriority=\"high\" decoding=\"async\" width=\"2000\" height=\"1333\" src=\"https:\/\/www.whitemont.com\/wp\/wp-content\/uploads\/2023\/09\/Excellence.jpg\" class=\"attachment-full size-full wp-image-3515\" alt=\"\" srcset=\"https:\/\/www.whitemont.com\/wp\/wp-content\/uploads\/2023\/09\/Excellence.jpg 2000w, https:\/\/www.whitemont.com\/wp\/wp-content\/uploads\/2023\/09\/Excellence-300x200.jpg 300w, https:\/\/www.whitemont.com\/wp\/wp-content\/uploads\/2023\/09\/Excellence-1024x682.jpg 1024w, https:\/\/www.whitemont.com\/wp\/wp-content\/uploads\/2023\/09\/Excellence-768x512.jpg 768w, https:\/\/www.whitemont.com\/wp\/wp-content\/uploads\/2023\/09\/Excellence-1536x1024.jpg 1536w, https:\/\/www.whitemont.com\/wp\/wp-content\/uploads\/2023\/09\/Excellence-18x12.jpg 18w\" sizes=\"(max-width: 2000px) 100vw, 2000px\" \/>\t\t\t\t\t\t\t\t\t\t\t\t\t\t\t<\/div>\n\t\t\t\t<\/div>\n\t\t\t\t\t<\/div>\n\t\t\t\t<\/div>\n\t\t<div data-particle_enable=\"false\" data-particle-mobile-disabled=\"false\" class=\"elementor-element elementor-element-70766476 e-flex e-con-boxed e-con e-parent\" data-id=\"70766476\" data-element_type=\"container\" data-e-type=\"container\">\n\t\t\t\t\t<div class=\"e-con-inner\">\n\t\t\t\t<div class=\"elementor-element elementor-element-60e5a899 animated-slow elementor-invisible elementor-widget elementor-widget-heading\" data-id=\"60e5a899\" data-element_type=\"widget\" data-e-type=\"widget\" data-settings=\"{&quot;_animation&quot;:&quot;fadeIn&quot;}\" data-widget_type=\"heading.default\">\n\t\t\t\t<div class=\"elementor-widget-container\">\n\t\t\t\t\t<h2 class=\"elementor-heading-title elementor-size-default\">Our Commitment for Excellence means:<\/h2>\t\t\t\t<\/div>\n\t\t\t\t<\/div>\n\t\t\t\t\t<\/div>\n\t\t\t\t<\/div>\n\t\t<div data-particle_enable=\"false\" data-particle-mobile-disabled=\"false\" class=\"elementor-element elementor-element-473c7299 e-flex e-con-boxed e-con e-parent\" data-id=\"473c7299\" data-element_type=\"container\" data-e-type=\"container\">\n\t\t\t\t\t<div class=\"e-con-inner\">\n\t\t<div data-particle_enable=\"false\" data-particle-mobile-disabled=\"false\" class=\"elementor-element elementor-element-e02a640 e-con-full e-flex elementor-invisible e-con e-child\" data-id=\"e02a640\" data-element_type=\"container\" data-e-type=\"container\" data-settings=\"{&quot;animation&quot;:&quot;slideInLeft&quot;}\">\n\t\t\t\t<div class=\"elementor-element elementor-element-7fd97fb2 elementor-widget elementor-widget-heading\" data-id=\"7fd97fb2\" data-element_type=\"widget\" data-e-type=\"widget\" data-widget_type=\"heading.default\">\n\t\t\t\t<div class=\"elementor-widget-container\">\n\t\t\t\t\t<h2 class=\"elementor-heading-title elementor-size-default\">Deep Research<\/h2>\t\t\t\t<\/div>\n\t\t\t\t<\/div>\n\t\t\t\t<div class=\"elementor-element elementor-element-34b65c8c elementor-widget elementor-widget-text-editor\" data-id=\"34b65c8c\" data-element_type=\"widget\" data-e-type=\"widget\" data-widget_type=\"text-editor.default\">\n\t\t\t\t<div class=\"elementor-widget-container\">\n\t\t\t\t\t\t\t\t\t<p class=\"p1\">We ensure that our team possesses not only a general knowledge, but also in-depth expertise in various financial domains. From wealth management to tax planning, retirement strategies to estate planning, our dedication to excellence is steadfast.<\/p>\t\t\t\t\t\t\t\t<\/div>\n\t\t\t\t<\/div>\n\t\t\t\t<\/div>\n\t\t\t\t\t<\/div>\n\t\t\t\t<\/div>\n\t\t<div data-particle_enable=\"false\" data-particle-mobile-disabled=\"false\" class=\"elementor-element elementor-element-7e4d2ae3 e-flex e-con-boxed e-con e-parent\" data-id=\"7e4d2ae3\" data-element_type=\"container\" data-e-type=\"container\">\n\t\t\t\t\t<div class=\"e-con-inner\">\n\t\t<div data-particle_enable=\"false\" data-particle-mobile-disabled=\"false\" class=\"elementor-element elementor-element-1d7a803e e-con-full e-flex elementor-invisible e-con e-child\" data-id=\"1d7a803e\" data-element_type=\"container\" data-e-type=\"container\" data-settings=\"{&quot;animation&quot;:&quot;slideInLeft&quot;}\">\n\t\t\t\t<div class=\"elementor-element elementor-element-9b3b1c2 elementor-widget elementor-widget-heading\" data-id=\"9b3b1c2\" data-element_type=\"widget\" data-e-type=\"widget\" data-widget_type=\"heading.default\">\n\t\t\t\t<div class=\"elementor-widget-container\">\n\t\t\t\t\t<h2 class=\"elementor-heading-title elementor-size-default\">Continuous Education<\/h2>\t\t\t\t<\/div>\n\t\t\t\t<\/div>\n\t\t\t\t<div class=\"elementor-element elementor-element-593edd3e elementor-widget elementor-widget-text-editor\" data-id=\"593edd3e\" data-element_type=\"widget\" data-e-type=\"widget\" data-widget_type=\"text-editor.default\">\n\t\t\t\t<div class=\"elementor-widget-container\">\n\t\t\t\t\t\t\t\t\t<p class=\"p1\">The financial industry is changing constantly. We prioritize ongoing education, ensuring that we not only keep up with the industry's evolution but also frequently leading the change\u00a0with innovative ideas.<\/p>\t\t\t\t\t\t\t\t<\/div>\n\t\t\t\t<\/div>\n\t\t\t\t<\/div>\n\t\t\t\t\t<\/div>\n\t\t\t\t<\/div>\n\t\t<div data-particle_enable=\"false\" data-particle-mobile-disabled=\"false\" class=\"elementor-element elementor-element-43f58d0d e-flex e-con-boxed e-con e-parent\" data-id=\"43f58d0d\" data-element_type=\"container\" data-e-type=\"container\">\n\t\t\t\t\t<div class=\"e-con-inner\">\n\t\t<div data-particle_enable=\"false\" data-particle-mobile-disabled=\"false\" class=\"elementor-element elementor-element-18ba15e9 e-con-full e-flex elementor-invisible e-con e-child\" data-id=\"18ba15e9\" data-element_type=\"container\" data-e-type=\"container\" data-settings=\"{&quot;animation&quot;:&quot;slideInLeft&quot;}\">\n\t\t\t\t<div class=\"elementor-element elementor-element-4fb77a19 elementor-widget elementor-widget-heading\" data-id=\"4fb77a19\" data-element_type=\"widget\" data-e-type=\"widget\" data-widget_type=\"heading.default\">\n\t\t\t\t<div class=\"elementor-widget-container\">\n\t\t\t\t\t<h2 class=\"elementor-heading-title elementor-size-default\">Innovation<\/h2>\t\t\t\t<\/div>\n\t\t\t\t<\/div>\n\t\t\t\t<div class=\"elementor-element elementor-element-4a59c236 elementor-widget elementor-widget-text-editor\" data-id=\"4a59c236\" data-element_type=\"widget\" data-e-type=\"widget\" data-widget_type=\"text-editor.default\">\n\t\t\t\t<div class=\"elementor-widget-container\">\n\t\t\t\t\t\t\t\t\t<p class=\"p1\">To improve our results, we always strive to innovate, by utilizing cutting-edge tools and technologies. This ensures that not only our solutions are correct theoretically, but that they are also effective in practice.<\/p>\t\t\t\t\t\t\t\t<\/div>\n\t\t\t\t<\/div>\n\t\t\t\t<\/div>\n\t\t\t\t\t<\/div>\n\t\t\t\t<\/div>\n\t\t<div data-particle_enable=\"false\" data-particle-mobile-disabled=\"false\" class=\"elementor-element elementor-element-171fdb6 e-flex e-con-boxed e-con e-parent\" data-id=\"171fdb6\" data-element_type=\"container\" data-e-type=\"container\">\n\t\t\t\t\t<div class=\"e-con-inner\">\n\t\t<div data-particle_enable=\"false\" data-particle-mobile-disabled=\"false\" class=\"elementor-element elementor-element-74bbcf99 e-con-full e-flex elementor-invisible e-con e-child\" data-id=\"74bbcf99\" data-element_type=\"container\" data-e-type=\"container\" data-settings=\"{&quot;animation&quot;:&quot;slideInLeft&quot;}\">\n\t\t\t\t<div class=\"elementor-element elementor-element-456e1658 elementor-widget elementor-widget-heading\" data-id=\"456e1658\" data-element_type=\"widget\" data-e-type=\"widget\" data-widget_type=\"heading.default\">\n\t\t\t\t<div class=\"elementor-widget-container\">\n\t\t\t\t\t<h2 class=\"elementor-heading-title elementor-size-default\">Accuracy and precision<\/h2>\t\t\t\t<\/div>\n\t\t\t\t<\/div>\n\t\t\t\t<div class=\"elementor-element elementor-element-48687abb elementor-widget elementor-widget-text-editor\" data-id=\"48687abb\" data-element_type=\"widget\" data-e-type=\"widget\" data-widget_type=\"text-editor.default\">\n\t\t\t\t<div class=\"elementor-widget-container\">\n\t\t\t\t\t\t\t\t\t<p class=\"p1\">They are crucial in the world\u00a0of finance: Our dedication to excellence necessitates attention to details, which guarantees precision and eliminates errors in judgment.<\/p>\t\t\t\t\t\t\t\t<\/div>\n\t\t\t\t<\/div>\n\t\t\t\t<\/div>\n\t\t\t\t\t<\/div>\n\t\t\t\t<\/div>\n\t\t<div data-particle_enable=\"false\" data-particle-mobile-disabled=\"false\" class=\"elementor-element elementor-element-7b0bbb58 e-flex e-con-boxed e-con e-parent\" data-id=\"7b0bbb58\" data-element_type=\"container\" data-e-type=\"container\">\n\t\t\t\t\t<div class=\"e-con-inner\">\n\t\t<div data-particle_enable=\"false\" data-particle-mobile-disabled=\"false\" class=\"elementor-element elementor-element-57701427 e-con-full e-flex elementor-invisible e-con e-child\" data-id=\"57701427\" data-element_type=\"container\" data-e-type=\"container\" data-settings=\"{&quot;animation&quot;:&quot;slideInLeft&quot;}\">\n\t\t\t\t<div class=\"elementor-element elementor-element-113189e9 elementor-widget elementor-widget-heading\" data-id=\"113189e9\" data-element_type=\"widget\" data-e-type=\"widget\" data-widget_type=\"heading.default\">\n\t\t\t\t<div class=\"elementor-widget-container\">\n\t\t\t\t\t<h2 class=\"elementor-heading-title elementor-size-default\">Teamwork<\/h2>\t\t\t\t<\/div>\n\t\t\t\t<\/div>\n\t\t\t\t<div class=\"elementor-element elementor-element-1d5e62d1 elementor-widget elementor-widget-text-editor\" data-id=\"1d5e62d1\" data-element_type=\"widget\" data-e-type=\"widget\" data-widget_type=\"text-editor.default\">\n\t\t\t\t<div class=\"elementor-widget-container\">\n\t\t\t\t\t\t\t\t\t<p class=\"p1\">Since the establishment of our firm, we have cultivated a culture of collaboration. Our team constantly collaborates, leveraging each member's strengths, to deliver the best advice to our clients.<\/p>\t\t\t\t\t\t\t\t<\/div>\n\t\t\t\t<\/div>\n\t\t\t\t<\/div>\n\t\t\t\t\t<\/div>\n\t\t\t\t<\/div>\n\t\t<div data-particle_enable=\"false\" data-particle-mobile-disabled=\"false\" class=\"elementor-element elementor-element-7e8b2f0 e-flex e-con-boxed e-con e-parent\" data-id=\"7e8b2f0\" data-element_type=\"container\" data-e-type=\"container\">\n\t\t\t\t\t<div class=\"e-con-inner\">\n\t\t<div data-particle_enable=\"false\" data-particle-mobile-disabled=\"false\" class=\"elementor-element elementor-element-bfcd0c3 e-con-full e-flex elementor-invisible e-con e-child\" data-id=\"bfcd0c3\" data-element_type=\"container\" data-e-type=\"container\" data-settings=\"{&quot;animation&quot;:&quot;slideInLeft&quot;}\">\n\t\t\t\t<div class=\"elementor-element elementor-element-8990de9 elementor-widget elementor-widget-heading\" data-id=\"8990de9\" data-element_type=\"widget\" data-e-type=\"widget\" data-widget_type=\"heading.default\">\n\t\t\t\t<div class=\"elementor-widget-container\">\n\t\t\t\t\t<h2 class=\"elementor-heading-title elementor-size-default\">Client-Centred Approach<\/h2>\t\t\t\t<\/div>\n\t\t\t\t<\/div>\n\t\t\t\t<div class=\"elementor-element elementor-element-fb4fed9 elementor-widget elementor-widget-text-editor\" data-id=\"fb4fed9\" data-element_type=\"widget\" data-e-type=\"widget\" data-widget_type=\"text-editor.default\">\n\t\t\t\t<div class=\"elementor-widget-container\">\n\t\t\t\t\t\t\t\t\t<p class=\"p1\">Every client is unique for us, with specific objectives, challenges, and characteristics. Our approach to excellence entails a thorough comprehension of these complexities, ensuring tailored\u00a0solutions that fit with each client\u2019s needs.\nOur commitment to excellence resonates through all aspects of our service. We endeavor to exceed expectations rather than simply meet them. This relentless pursuit distinguishes us not only as financial advisors, but also as trusted partners in the financial journeys of our clients.<\/p><p class=\"p1\">Our commitment to excellence resonates through all aspects of our service. We endeavor to exceed expectations rather than simply meet them. This relentless pursuit distinguishes us not only as financial advisors, but also as trusted partners in the financial journeys of our clients.<\/p>\t\t\t\t\t\t\t\t<\/div>\n\t\t\t\t<\/div>\n\t\t\t\t<\/div>\n\t\t\t\t\t<\/div>\n\t\t\t\t<\/div>\n\t\t\t\t<\/div>","protected":false},"excerpt":{"rendered":"<p>Notre engagement sur l&rsquo;excellence signifie : Recherche approfondie Nous nous assurons que notre \u00e9quipe poss\u00e8de non seulement une bonne connaissance g\u00e9n\u00e9rale, mais \u00e9galement une expertise approfondie dans divers domaines financiers. De la gestion de patrimoine \u00e0 la planification fiscale, des strat\u00e9gies de retraite \u00e0 la planification successorale, notre d\u00e9vouement \u00e0 l&rsquo;excellence est immuable. \u00c9ducation continue<br \/><a class=\"moretag\" href=\"https:\/\/www.whitemont.com\/wp\/en\/valeur-excellence\/\">+ Read More<\/a><\/p>","protected":false},"author":1,"featured_media":0,"parent":0,"menu_order":0,"comment_status":"closed","ping_status":"closed","template":"elementor_header_footer","meta":{"footnotes":""},"class_list":["post-2050","page","type-page","status-publish","hentry"],"_links":{"self":[{"href":"https:\/\/www.whitemont.com\/wp\/en\/wp-json\/wp\/v2\/pages\/2050","targetHints":{"allow":["GET"]}}],"collection":[{"href":"https:\/\/www.whitemont.com\/wp\/en\/wp-json\/wp\/v2\/pages"}],"about":[{"href":"https:\/\/www.whitemont.com\/wp\/en\/wp-json\/wp\/v2\/types\/page"}],"author":[{"embeddable":true,"href":"https:\/\/www.whitemont.com\/wp\/en\/wp-json\/wp\/v2\/users\/1"}],"replies":[{"embeddable":true,"href":"https:\/\/www.whitemont.com\/wp\/en\/wp-json\/wp\/v2\/comments?post=2050"}],"version-history":[{"count":28,"href":"https:\/\/www.whitemont.com\/wp\/en\/wp-json\/wp\/v2\/pages\/2050\/revisions"}],"predecessor-version":[{"id":3525,"href":"https:\/\/www.whitemont.com\/wp\/en\/wp-json\/wp\/v2\/pages\/2050\/revisions\/3525"}],"wp:attachment":[{"href":"https:\/\/www.whitemont.com\/wp\/en\/wp-json\/wp\/v2\/media?parent=2050"}],"curies":[{"name":"wp","href":"https:\/\/api.w.org\/{rel}","templated":true}]}}