{"id":1875,"date":"2023-09-19T17:08:01","date_gmt":"2023-09-19T17:08:01","guid":{"rendered":"https:\/\/www.whitemont.com\/wp\/?page_id=1875"},"modified":"2023-09-22T17:05:26","modified_gmt":"2023-09-22T17:05:26","slug":"gestion-des-risques","status":"publish","type":"page","link":"https:\/\/www.whitemont.com\/wp\/gestion-des-risques\/","title":{"rendered":"Gestion des risques"},"content":{"rendered":"\t\t<div data-elementor-type=\"wp-page\" data-elementor-id=\"1875\" class=\"elementor elementor-1875\" data-elementor-post-type=\"page\">\n\t\t\t\t<div data-particle_enable=\"false\" data-particle-mobile-disabled=\"false\" class=\"elementor-element elementor-element-4c729081 e-flex e-con-boxed e-con e-parent\" data-id=\"4c729081\" data-element_type=\"container\" data-e-type=\"container\">\n\t\t\t\t\t<div class=\"e-con-inner\">\n\t\t\t\t<div class=\"elementor-element elementor-element-b33d834 elementor-widget__width-inherit elementor-widget elementor-widget-image\" data-id=\"b33d834\" data-element_type=\"widget\" data-e-type=\"widget\" data-widget_type=\"image.default\">\n\t\t\t\t<div class=\"elementor-widget-container\">\n\t\t\t\t\t\t\t\t\t\t\t\t\t\t\t<img fetchpriority=\"high\" decoding=\"async\" width=\"2000\" height=\"1335\" src=\"https:\/\/www.whitemont.com\/wp\/wp-content\/uploads\/2023\/09\/GestionRisqueOverview.jpg\" class=\"attachment-full size-full wp-image-2206\" alt=\"\" srcset=\"https:\/\/www.whitemont.com\/wp\/wp-content\/uploads\/2023\/09\/GestionRisqueOverview.jpg 2000w, https:\/\/www.whitemont.com\/wp\/wp-content\/uploads\/2023\/09\/GestionRisqueOverview-300x200.jpg 300w, https:\/\/www.whitemont.com\/wp\/wp-content\/uploads\/2023\/09\/GestionRisqueOverview-1024x684.jpg 1024w, https:\/\/www.whitemont.com\/wp\/wp-content\/uploads\/2023\/09\/GestionRisqueOverview-768x513.jpg 768w, https:\/\/www.whitemont.com\/wp\/wp-content\/uploads\/2023\/09\/GestionRisqueOverview-1536x1025.jpg 1536w\" sizes=\"(max-width: 2000px) 100vw, 2000px\" \/>\t\t\t\t\t\t\t\t\t\t\t\t\t\t\t<\/div>\n\t\t\t\t<\/div>\n\t\t\t\t\t<\/div>\n\t\t\t\t<\/div>\n\t\t<div data-particle_enable=\"false\" data-particle-mobile-disabled=\"false\" class=\"elementor-element elementor-element-52c6399f animated-slow e-flex e-con-boxed elementor-invisible e-con e-parent\" data-id=\"52c6399f\" data-element_type=\"container\" data-e-type=\"container\" data-settings=\"{&quot;animation&quot;:&quot;fadeIn&quot;}\">\n\t\t\t\t\t<div class=\"e-con-inner\">\n\t\t\t\t<div class=\"elementor-element elementor-element-5c737b8a elementor-widget elementor-widget-heading\" data-id=\"5c737b8a\" data-element_type=\"widget\" data-e-type=\"widget\" data-widget_type=\"heading.default\">\n\t\t\t\t<div class=\"elementor-widget-container\">\n\t\t\t\t\t<h2 class=\"elementor-heading-title elementor-size-default\">Gestion des risques\n<\/h2>\t\t\t\t<\/div>\n\t\t\t\t<\/div>\n\t\t\t\t<div class=\"elementor-element elementor-element-507fd5a6 elementor-widget elementor-widget-text-editor\" data-id=\"507fd5a6\" data-element_type=\"widget\" data-e-type=\"widget\" data-widget_type=\"text-editor.default\">\n\t\t\t\t<div class=\"elementor-widget-container\">\n\t\t\t\t\t\t\t\t\t<p class=\"p1\">En utilisant notre expertise actuarielle, nous int\u00e9grons une compr\u00e9hension profonde du risque \u00e0 la gestion de patrimoine pour cr\u00e9er des solutions sur mesure qui offrent une protection et une croissance optimales du patrimoine. Cette approche holistique garantit que les clients re\u00e7oivent une strat\u00e9gie financi\u00e8re soigneusement \u00e9labor\u00e9e qui s&rsquo;aligne sur leurs \u00e9tapes de vie changeantes et leurs objectifs financiers.<\/p>\t\t\t\t\t\t\t\t<\/div>\n\t\t\t\t<\/div>\n\t\t\t\t\t<\/div>\n\t\t\t\t<\/div>\n\t\t<div data-particle_enable=\"false\" data-particle-mobile-disabled=\"false\" class=\"elementor-element elementor-element-8d61939 e-flex e-con-boxed e-con e-parent\" data-id=\"8d61939\" data-element_type=\"container\" data-e-type=\"container\">\n\t\t\t\t\t<div class=\"e-con-inner\">\n\t\t<div data-particle_enable=\"false\" data-particle-mobile-disabled=\"false\" class=\"elementor-element elementor-element-afd1227 e-con-full e-flex elementor-invisible e-con e-child\" data-id=\"afd1227\" data-element_type=\"container\" data-e-type=\"container\" data-settings=\"{&quot;animation&quot;:&quot;slideInLeft&quot;}\">\n\t\t\t\t<div class=\"elementor-element elementor-element-96f7094 elementor-widget elementor-widget-heading\" data-id=\"96f7094\" data-element_type=\"widget\" data-e-type=\"widget\" data-widget_type=\"heading.default\">\n\t\t\t\t<div class=\"elementor-widget-container\">\n\t\t\t\t\t<h2 class=\"elementor-heading-title elementor-size-default\">Assurance-Vie<\/h2>\t\t\t\t<\/div>\n\t\t\t\t<\/div>\n\t\t\t\t<div class=\"elementor-element elementor-element-d43901c elementor-widget elementor-widget-text-editor\" data-id=\"d43901c\" data-element_type=\"widget\" data-e-type=\"widget\" data-widget_type=\"text-editor.default\">\n\t\t\t\t<div class=\"elementor-widget-container\">\n\t\t\t\t\t\t\t\t\t<p class=\"p1\">Chez WHITEMONT, notre approche en mati\u00e8re de conseil en assurance vie vise \u00e0 pr\u00e9server le niveau de vie actuel des survivants, plut\u00f4t qu&rsquo;\u00e0 augmenter leur richesse. Nous nous concentrons sur la fourniture d&rsquo;un filet de s\u00e9curit\u00e9 qui r\u00e9pond aux besoins et obligations actuels de la famille, garantissant ainsi une continuit\u00e9 et une stabilit\u00e9 sans gain excessif. Pour les personnes ayant des dettes importantes ou des personnes \u00e0 charge, l&rsquo;assurance vie peut \u00eatre indispensable. Elle peut remplacer les revenus perdus, rembourser les dettes et couvrir les frais de scolarit\u00e9 des enfants.<\/p>\t\t\t\t\t\t\t\t<\/div>\n\t\t\t\t<\/div>\n\t\t\t\t<\/div>\n\t\t\t\t\t<\/div>\n\t\t\t\t<\/div>\n\t\t<div data-particle_enable=\"false\" data-particle-mobile-disabled=\"false\" class=\"elementor-element elementor-element-1707691e e-flex e-con-boxed e-con e-parent\" data-id=\"1707691e\" data-element_type=\"container\" data-e-type=\"container\">\n\t\t\t\t\t<div class=\"e-con-inner\">\n\t\t<div data-particle_enable=\"false\" data-particle-mobile-disabled=\"false\" class=\"elementor-element elementor-element-2d1e7383 e-con-full e-flex elementor-invisible e-con e-child\" data-id=\"2d1e7383\" data-element_type=\"container\" data-e-type=\"container\" data-settings=\"{&quot;animation&quot;:&quot;slideInLeft&quot;}\">\n\t\t\t\t<div class=\"elementor-element elementor-element-95b8585 elementor-widget elementor-widget-heading\" data-id=\"95b8585\" data-element_type=\"widget\" data-e-type=\"widget\" data-widget_type=\"heading.default\">\n\t\t\t\t<div class=\"elementor-widget-container\">\n\t\t\t\t\t<h2 class=\"elementor-heading-title elementor-size-default\">Assurance invalidit\u00e9<\/h2>\t\t\t\t<\/div>\n\t\t\t\t<\/div>\n\t\t\t\t<div class=\"elementor-element elementor-element-5dfba6c2 elementor-widget elementor-widget-text-editor\" data-id=\"5dfba6c2\" data-element_type=\"widget\" data-e-type=\"widget\" data-widget_type=\"text-editor.default\">\n\t\t\t\t<div class=\"elementor-widget-container\">\n\t\t\t\t\t\t\t\t\t<p class=\"p1\">Elle est essentielle pour les travailleurs ind\u00e9pendants, servant de coussin financier pendant les p\u00e9riodes o\u00f9 ils ne peuvent pas travailler en raison d&rsquo;une maladie ou d&rsquo;une blessure et fournissant un soutien continu pour les d\u00e9penses personnelles et professionnelles.<\/p>\t\t\t\t\t\t\t\t<\/div>\n\t\t\t\t<\/div>\n\t\t\t\t<\/div>\n\t\t\t\t\t<\/div>\n\t\t\t\t<\/div>\n\t\t<div data-particle_enable=\"false\" data-particle-mobile-disabled=\"false\" class=\"elementor-element elementor-element-08d42bb e-flex e-con-boxed e-con e-parent\" data-id=\"08d42bb\" data-element_type=\"container\" data-e-type=\"container\">\n\t\t\t\t\t<div class=\"e-con-inner\">\n\t\t<div data-particle_enable=\"false\" data-particle-mobile-disabled=\"false\" class=\"elementor-element elementor-element-9f8d0cc e-con-full e-flex elementor-invisible e-con e-child\" data-id=\"9f8d0cc\" data-element_type=\"container\" data-e-type=\"container\" data-settings=\"{&quot;animation&quot;:&quot;slideInLeft&quot;}\">\n\t\t\t\t<div class=\"elementor-element elementor-element-4c2147b elementor-widget elementor-widget-heading\" data-id=\"4c2147b\" data-element_type=\"widget\" data-e-type=\"widget\" data-widget_type=\"heading.default\">\n\t\t\t\t<div class=\"elementor-widget-container\">\n\t\t\t\t\t<h2 class=\"elementor-heading-title elementor-size-default\">Assurance contre les maladies graves<\/h2>\t\t\t\t<\/div>\n\t\t\t\t<\/div>\n\t\t\t\t<div class=\"elementor-element elementor-element-a02c34e elementor-widget elementor-widget-text-editor\" data-id=\"a02c34e\" data-element_type=\"widget\" data-e-type=\"widget\" data-widget_type=\"text-editor.default\">\n\t\t\t\t<div class=\"elementor-widget-container\">\n\t\t\t\t\t\t\t\t\t<p class=\"p1\">Chez WHITEMONT, nous recommandons l&rsquo;assurance maladies graves pour offrir \u00e0 nos clients un soutien financier important en cas de diagnostic inattendu d&rsquo;une maladie grave. Ceci garantit qu&rsquo;ils peuvent couvrir leurs d\u00e9penses et prioriser leur r\u00e9cup\u00e9ration sans soucis financiers. De plus, avec l&rsquo;option de remboursement des primes, les clients ont la chance de r\u00e9cup\u00e9rer le paiement des primes si aucune r\u00e9clamation n&rsquo;est d\u00e9pos\u00e9e, offrant \u00e0 la fois s\u00e9curit\u00e9 et \u00e9pargne forc\u00e9e.<\/p>\t\t\t\t\t\t\t\t<\/div>\n\t\t\t\t<\/div>\n\t\t\t\t<\/div>\n\t\t\t\t\t<\/div>\n\t\t\t\t<\/div>\n\t\t<div data-particle_enable=\"false\" data-particle-mobile-disabled=\"false\" class=\"elementor-element elementor-element-4e22b32 e-flex e-con-boxed e-con e-parent\" data-id=\"4e22b32\" data-element_type=\"container\" data-e-type=\"container\">\n\t\t\t\t\t<div class=\"e-con-inner\">\n\t\t<div data-particle_enable=\"false\" data-particle-mobile-disabled=\"false\" class=\"elementor-element elementor-element-98cb8d5 e-con-full e-flex elementor-invisible e-con e-child\" data-id=\"98cb8d5\" data-element_type=\"container\" data-e-type=\"container\" data-settings=\"{&quot;animation&quot;:&quot;slideInLeft&quot;}\">\n\t\t\t\t<div class=\"elementor-element elementor-element-a39aa2e elementor-widget elementor-widget-heading\" data-id=\"a39aa2e\" data-element_type=\"widget\" data-e-type=\"widget\" data-widget_type=\"heading.default\">\n\t\t\t\t<div class=\"elementor-widget-container\">\n\t\t\t\t\t<h2 class=\"elementor-heading-title elementor-size-default\">Assurance Soins Longue Dur\u00e9e<\/h2>\t\t\t\t<\/div>\n\t\t\t\t<\/div>\n\t\t\t\t<div class=\"elementor-element elementor-element-2e44582 elementor-widget elementor-widget-text-editor\" data-id=\"2e44582\" data-element_type=\"widget\" data-e-type=\"widget\" data-widget_type=\"text-editor.default\">\n\t\t\t\t<div class=\"elementor-widget-container\">\n\t\t\t\t\t\t\t\t\t<p class=\"p1\">En raison de son co\u00fbt \u00e9lev\u00e9 et de son impact potentiel sur le budget des clients, nous recommandons rarement ce type de couverture. Cependant, elle couvre les frais des services de soins quotidiens qui ne sont g\u00e9n\u00e9ralement pas couverts par une assurance sant\u00e9 standard. Cette couverture prot\u00e8ge contre des co\u00fbts impr\u00e9vus astronomiques, garantissant que les individus re\u00e7oivent des soins de qualit\u00e9 dans leurs ann\u00e9es avanc\u00e9es ou lors d&rsquo;urgences sanitaires sans \u00e9puiser leurs \u00e9conomies.<\/p>\t\t\t\t\t\t\t\t<\/div>\n\t\t\t\t<\/div>\n\t\t\t\t<\/div>\n\t\t\t\t\t<\/div>\n\t\t\t\t<\/div>\n\t\t<div data-particle_enable=\"false\" data-particle-mobile-disabled=\"false\" class=\"elementor-element elementor-element-9253699 e-flex e-con-boxed e-con e-parent\" data-id=\"9253699\" data-element_type=\"container\" data-e-type=\"container\">\n\t\t\t\t\t<div class=\"e-con-inner\">\n\t\t<div data-particle_enable=\"false\" data-particle-mobile-disabled=\"false\" class=\"elementor-element elementor-element-fbeaf83 e-con-full e-flex elementor-invisible e-con e-child\" data-id=\"fbeaf83\" data-element_type=\"container\" data-e-type=\"container\" data-settings=\"{&quot;animation&quot;:&quot;slideInLeft&quot;}\">\n\t\t\t\t<div class=\"elementor-element elementor-element-710e963 elementor-widget elementor-widget-heading\" data-id=\"710e963\" data-element_type=\"widget\" data-e-type=\"widget\" data-widget_type=\"heading.default\">\n\t\t\t\t<div class=\"elementor-widget-container\">\n\t\t\t\t\t<h2 class=\"elementor-heading-title elementor-size-default\">Rentes viag\u00e8res<\/h2>\t\t\t\t<\/div>\n\t\t\t\t<\/div>\n\t\t\t\t<div class=\"elementor-element elementor-element-c450d29 elementor-widget elementor-widget-text-editor\" data-id=\"c450d29\" data-element_type=\"widget\" data-e-type=\"widget\" data-widget_type=\"text-editor.default\">\n\t\t\t\t<div class=\"elementor-widget-container\">\n\t\t\t\t\t\t\t\t\t<p class=\"p1\">Chez WHITEMONT, nous utilisons les rentes viag\u00e8res comme un instrument d&rsquo;investissement strat\u00e9gique, offrant un flux de revenus garanti, particuli\u00e8rement pendant la retraite, ainsi qu&rsquo;une croissance \u00e0 imposition diff\u00e9r\u00e9e et une protection contre la volatilit\u00e9 du march\u00e9. Leur adaptabilit\u00e9 et leurs avantages potentiels en mati\u00e8re de planification successorale en font un ajout pr\u00e9cieux \u00e0 un portefeuille diversifi\u00e9.<\/p>\t\t\t\t\t\t\t\t<\/div>\n\t\t\t\t<\/div>\n\t\t\t\t<\/div>\n\t\t\t\t\t<\/div>\n\t\t\t\t<\/div>\n\t\t\t\t<\/div>\n\t\t","protected":false},"excerpt":{"rendered":"<p>Gestion des risques En utilisant notre expertise actuarielle, nous int\u00e9grons une compr\u00e9hension profonde du risque \u00e0 la gestion de patrimoine pour cr\u00e9er des solutions sur mesure qui offrent une protection et une croissance optimales du patrimoine. Cette approche holistique garantit que les clients re\u00e7oivent une strat\u00e9gie financi\u00e8re soigneusement \u00e9labor\u00e9e qui s&rsquo;aligne sur leurs \u00e9tapes de<br \/><a class=\"moretag\" href=\"https:\/\/www.whitemont.com\/wp\/gestion-des-risques\/\">+ Read More<\/a><\/p>\n","protected":false},"author":1,"featured_media":0,"parent":0,"menu_order":0,"comment_status":"closed","ping_status":"closed","template":"elementor_header_footer","meta":{"footnotes":""},"class_list":["post-1875","page","type-page","status-publish","hentry"],"_links":{"self":[{"href":"https:\/\/www.whitemont.com\/wp\/wp-json\/wp\/v2\/pages\/1875","targetHints":{"allow":["GET"]}}],"collection":[{"href":"https:\/\/www.whitemont.com\/wp\/wp-json\/wp\/v2\/pages"}],"about":[{"href":"https:\/\/www.whitemont.com\/wp\/wp-json\/wp\/v2\/types\/page"}],"author":[{"embeddable":true,"href":"https:\/\/www.whitemont.com\/wp\/wp-json\/wp\/v2\/users\/1"}],"replies":[{"embeddable":true,"href":"https:\/\/www.whitemont.com\/wp\/wp-json\/wp\/v2\/comments?post=1875"}],"version-history":[{"count":82,"href":"https:\/\/www.whitemont.com\/wp\/wp-json\/wp\/v2\/pages\/1875\/revisions"}],"predecessor-version":[{"id":3012,"href":"https:\/\/www.whitemont.com\/wp\/wp-json\/wp\/v2\/pages\/1875\/revisions\/3012"}],"wp:attachment":[{"href":"https:\/\/www.whitemont.com\/wp\/wp-json\/wp\/v2\/media?parent=1875"}],"curies":[{"name":"wp","href":"https:\/\/api.w.org\/{rel}","templated":true}]}}