{"id":1967,"date":"2023-09-19T19:28:02","date_gmt":"2023-09-19T19:28:02","guid":{"rendered":"https:\/\/www.whitemont.com\/wp\/?page_id=1967"},"modified":"2023-09-22T17:00:11","modified_gmt":"2023-09-22T17:00:11","slug":"education-financiere","status":"publish","type":"page","link":"https:\/\/www.whitemont.com\/wp\/education-financiere\/","title":{"rendered":"\u00c9ducation financi\u00e8re"},"content":{"rendered":"\t\t<div data-elementor-type=\"wp-page\" data-elementor-id=\"1967\" class=\"elementor elementor-1967\" data-elementor-post-type=\"page\">\n\t\t\t\t<div data-particle_enable=\"false\" data-particle-mobile-disabled=\"false\" class=\"elementor-element elementor-element-4c729081 e-flex e-con-boxed e-con e-parent\" data-id=\"4c729081\" data-element_type=\"container\" data-e-type=\"container\">\n\t\t\t\t\t<div class=\"e-con-inner\">\n\t\t\t\t<div class=\"elementor-element elementor-element-b33d834 elementor-widget__width-inherit elementor-widget elementor-widget-image\" data-id=\"b33d834\" data-element_type=\"widget\" data-e-type=\"widget\" data-widget_type=\"image.default\">\n\t\t\t\t<div class=\"elementor-widget-container\">\n\t\t\t\t\t\t\t\t\t\t\t\t\t\t\t<img fetchpriority=\"high\" decoding=\"async\" width=\"2000\" height=\"1333\" src=\"https:\/\/www.whitemont.com\/wp\/wp-content\/uploads\/2023\/09\/EducFinanciereOverview.jpg\" class=\"attachment-full size-full wp-image-2194\" alt=\"\" srcset=\"https:\/\/www.whitemont.com\/wp\/wp-content\/uploads\/2023\/09\/EducFinanciereOverview.jpg 2000w, https:\/\/www.whitemont.com\/wp\/wp-content\/uploads\/2023\/09\/EducFinanciereOverview-300x200.jpg 300w, https:\/\/www.whitemont.com\/wp\/wp-content\/uploads\/2023\/09\/EducFinanciereOverview-1024x682.jpg 1024w, https:\/\/www.whitemont.com\/wp\/wp-content\/uploads\/2023\/09\/EducFinanciereOverview-768x512.jpg 768w, https:\/\/www.whitemont.com\/wp\/wp-content\/uploads\/2023\/09\/EducFinanciereOverview-1536x1024.jpg 1536w\" sizes=\"(max-width: 2000px) 100vw, 2000px\" \/>\t\t\t\t\t\t\t\t\t\t\t\t\t\t\t<\/div>\n\t\t\t\t<\/div>\n\t\t\t\t\t<\/div>\n\t\t\t\t<\/div>\n\t\t<div data-particle_enable=\"false\" data-particle-mobile-disabled=\"false\" class=\"elementor-element elementor-element-52c6399f e-flex e-con-boxed e-con e-parent\" data-id=\"52c6399f\" data-element_type=\"container\" data-e-type=\"container\">\n\t\t\t\t\t<div class=\"e-con-inner\">\n\t\t\t\t<div class=\"elementor-element elementor-element-5c737b8a elementor-widget elementor-widget-heading\" data-id=\"5c737b8a\" data-element_type=\"widget\" data-e-type=\"widget\" data-widget_type=\"heading.default\">\n\t\t\t\t<div class=\"elementor-widget-container\">\n\t\t\t\t\t<h2 class=\"elementor-heading-title elementor-size-default\">\u00c9ducation financi\u00e8re<\/h2>\t\t\t\t<\/div>\n\t\t\t\t<\/div>\n\t\t\t\t<div class=\"elementor-element elementor-element-507fd5a6 elementor-widget elementor-widget-text-editor\" data-id=\"507fd5a6\" data-element_type=\"widget\" data-e-type=\"widget\" data-widget_type=\"text-editor.default\">\n\t\t\t\t<div class=\"elementor-widget-container\">\n\t\t\t\t\t\t\t\t\t<p class=\"p1\">Chez WHITEMONT, nous nous effor\u00e7ons d&rsquo;\u00e9clairer nos clients avec une \u00e9ducation financi\u00e8re compl\u00e8te, englobant les principes cl\u00e9s de la gestion de patrimoine, les strat\u00e9gies d&rsquo;investissement et la r\u00e9duction des risques. Notre objectif est de leur faire comprendre nos recommandations et de les doter des connaissances n\u00e9cessaires pour prendre des d\u00e9cisions financi\u00e8res \u00e9clair\u00e9es afin d&rsquo;am\u00e9liorer leur situation financi\u00e8re.<\/p>\t\t\t\t\t\t\t\t<\/div>\n\t\t\t\t<\/div>\n\t\t\t\t\t<\/div>\n\t\t\t\t<\/div>\n\t\t\t\t<\/div>\n\t\t","protected":false},"excerpt":{"rendered":"<p>\u00c9ducation financi\u00e8re Chez WHITEMONT, nous nous effor\u00e7ons d&rsquo;\u00e9clairer nos clients avec une \u00e9ducation financi\u00e8re compl\u00e8te, englobant les principes cl\u00e9s de la gestion de patrimoine, les strat\u00e9gies d&rsquo;investissement et la r\u00e9duction des risques. Notre objectif est de leur faire comprendre nos recommandations et de les doter des connaissances n\u00e9cessaires pour prendre des d\u00e9cisions financi\u00e8res \u00e9clair\u00e9es afin<br \/><a class=\"moretag\" href=\"https:\/\/www.whitemont.com\/wp\/education-financiere\/\">+ Read More<\/a><\/p>\n","protected":false},"author":1,"featured_media":0,"parent":0,"menu_order":0,"comment_status":"closed","ping_status":"closed","template":"elementor_header_footer","meta":{"footnotes":""},"class_list":["post-1967","page","type-page","status-publish","hentry"],"_links":{"self":[{"href":"https:\/\/www.whitemont.com\/wp\/wp-json\/wp\/v2\/pages\/1967","targetHints":{"allow":["GET"]}}],"collection":[{"href":"https:\/\/www.whitemont.com\/wp\/wp-json\/wp\/v2\/pages"}],"about":[{"href":"https:\/\/www.whitemont.com\/wp\/wp-json\/wp\/v2\/types\/page"}],"author":[{"embeddable":true,"href":"https:\/\/www.whitemont.com\/wp\/wp-json\/wp\/v2\/users\/1"}],"replies":[{"embeddable":true,"href":"https:\/\/www.whitemont.com\/wp\/wp-json\/wp\/v2\/comments?post=1967"}],"version-history":[{"count":19,"href":"https:\/\/www.whitemont.com\/wp\/wp-json\/wp\/v2\/pages\/1967\/revisions"}],"predecessor-version":[{"id":2985,"href":"https:\/\/www.whitemont.com\/wp\/wp-json\/wp\/v2\/pages\/1967\/revisions\/2985"}],"wp:attachment":[{"href":"https:\/\/www.whitemont.com\/wp\/wp-json\/wp\/v2\/media?parent=1967"}],"curies":[{"name":"wp","href":"https:\/\/api.w.org\/{rel}","templated":true}]}}