{"id":3467,"date":"2023-09-24T23:38:46","date_gmt":"2023-09-24T23:38:46","guid":{"rendered":"https:\/\/www.whitemont.com\/wp\/?page_id=3467"},"modified":"2023-09-25T02:04:26","modified_gmt":"2023-09-25T02:04:26","slug":"notre-equipe","status":"publish","type":"page","link":"https:\/\/www.whitemont.com\/wp\/notre-equipe\/","title":{"rendered":"Notre \u00e9quipe"},"content":{"rendered":"\t\t<div data-elementor-type=\"wp-page\" data-elementor-id=\"3467\" class=\"elementor elementor-3467\" data-elementor-post-type=\"page\">\n\t\t\t\t<div data-particle_enable=\"false\" data-particle-mobile-disabled=\"false\" class=\"elementor-element elementor-element-54b35691 e-flex e-con-boxed e-con e-parent\" data-id=\"54b35691\" data-element_type=\"container\" data-e-type=\"container\">\n\t\t\t\t\t<div class=\"e-con-inner\">\n\t\t\t\t\t<\/div>\n\t\t\t\t<\/div>\n\t\t<div data-particle_enable=\"false\" data-particle-mobile-disabled=\"false\" class=\"elementor-element elementor-element-4d40e2e9 e-flex e-con-boxed e-con e-parent\" data-id=\"4d40e2e9\" data-element_type=\"container\" data-e-type=\"container\">\n\t\t\t\t\t<div class=\"e-con-inner\">\n\t\t\t\t<div class=\"elementor-element elementor-element-25898b69 elementor-invisible elementor-widget elementor-widget-heading\" data-id=\"25898b69\" data-element_type=\"widget\" data-e-type=\"widget\" data-settings=\"{&quot;_animation&quot;:&quot;fadeIn&quot;}\" data-widget_type=\"heading.default\">\n\t\t\t\t<div class=\"elementor-widget-container\">\n\t\t\t\t\t<h2 class=\"elementor-heading-title elementor-size-default\">Notre \u00e9quipe<\/h2>\t\t\t\t<\/div>\n\t\t\t\t<\/div>\n\t\t\t\t\t<\/div>\n\t\t\t\t<\/div>\n\t\t<div data-particle_enable=\"false\" data-particle-mobile-disabled=\"false\" class=\"elementor-element elementor-element-6dbd87da animated-slow e-flex e-con-boxed elementor-invisible e-con e-parent\" data-id=\"6dbd87da\" data-element_type=\"container\" data-e-type=\"container\" data-settings=\"{&quot;animation&quot;:&quot;fadeIn&quot;}\">\n\t\t\t\t\t<div class=\"e-con-inner\">\n\t\t<div data-particle_enable=\"false\" data-particle-mobile-disabled=\"false\" class=\"elementor-element elementor-element-17998548 e-con-full animated-slow e-flex e-con e-child\" data-id=\"17998548\" data-element_type=\"container\" data-e-type=\"container\" data-settings=\"{&quot;animation&quot;:&quot;none&quot;}\">\n\t\t\t\t<div class=\"elementor-element elementor-element-693d466 e-transform elementor-widget__width-initial elementor-invisible elementor-widget elementor-widget-accordion\" data-id=\"693d466\" data-element_type=\"widget\" data-e-type=\"widget\" data-settings=\"{&quot;motion_fx_motion_fx_mouse&quot;:&quot;yes&quot;,&quot;_animation&quot;:&quot;fadeIn&quot;,&quot;_transform_skewX_effect_hover&quot;:{&quot;unit&quot;:&quot;px&quot;,&quot;size&quot;:&quot;&quot;,&quot;sizes&quot;:[]},&quot;_transform_skewX_effect_hover_tablet&quot;:{&quot;unit&quot;:&quot;deg&quot;,&quot;size&quot;:&quot;&quot;,&quot;sizes&quot;:[]},&quot;_transform_skewX_effect_hover_mobile&quot;:{&quot;unit&quot;:&quot;deg&quot;,&quot;size&quot;:&quot;&quot;,&quot;sizes&quot;:[]},&quot;_transform_skewY_effect_hover&quot;:{&quot;unit&quot;:&quot;px&quot;,&quot;size&quot;:&quot;&quot;,&quot;sizes&quot;:[]},&quot;_transform_skewY_effect_hover_tablet&quot;:{&quot;unit&quot;:&quot;deg&quot;,&quot;size&quot;:&quot;&quot;,&quot;sizes&quot;:[]},&quot;_transform_skewY_effect_hover_mobile&quot;:{&quot;unit&quot;:&quot;deg&quot;,&quot;size&quot;:&quot;&quot;,&quot;sizes&quot;:[]}}\" data-widget_type=\"accordion.default\">\n\t\t\t\t<div class=\"elementor-widget-container\">\n\t\t\t\t\t\t\t<div class=\"elementor-accordion\">\n\t\t\t\t\t\t\t<div class=\"elementor-accordion-item\">\n\t\t\t\t\t<div id=\"elementor-tab-title-1101\" class=\"elementor-tab-title\" data-tab=\"1\" role=\"button\" aria-controls=\"elementor-tab-content-1101\" aria-expanded=\"false\">\n\t\t\t\t\t\t\t\t\t\t\t\t\t<span class=\"elementor-accordion-icon elementor-accordion-icon-right\" aria-hidden=\"true\">\n\t\t\t\t\t\t\t\t\t\t\t\t\t\t\t<span class=\"elementor-accordion-icon-closed\"><i class=\"fas fa-chevron-down\"><\/i><\/span>\n\t\t\t\t\t\t\t\t<span class=\"elementor-accordion-icon-opened\"><i class=\"fas fa-minus\"><\/i><\/span>\n\t\t\t\t\t\t\t\t\t\t\t\t\t\t<\/span>\n\t\t\t\t\t\t\t\t\t\t\t\t<a class=\"elementor-accordion-title\" tabindex=\"0\">Notre fondateur<\/a>\n\t\t\t\t\t<\/div>\n\t\t\t\t\t<div id=\"elementor-tab-content-1101\" class=\"elementor-tab-content elementor-clearfix\" data-tab=\"1\" role=\"region\" aria-labelledby=\"elementor-tab-title-1101\"><p class=\"p1\">Peter Tsakiris est un gestionnaire de portefeuille motiv\u00e9, accompli, et d\u00e9termin\u00e9. Il a acquis une exp\u00e9rience de grande envergure \u00e0 titre d\u2019administrateur agr\u00e9\u00e9, de planificateur financier, de conseiller en s\u00e9curit\u00e9 financi\u00e8re, de conseiller en assurance et rentes collectives, et de courtier hypoth\u00e9caire agr\u00e9\u00e9.<span class=\"Apple-converted-space\">\u00a0 <\/span>Expert dans la gestion du patrimoine, Peter Tsakiris est d\u00e9tenteur d\u2019un permis aupr\u00e8s des autorit\u00e9s provinciales au Qu\u00e9bec, en Ontario, en Alberta et en Colombie-Britannique.<\/p><p>\u00a0<\/p><p class=\"p1\">A titre de fondateur et de Pr\u00e9sident-Directeur G\u00e9n\u00e9ral de Services Financiers Whitemont, Peter Tsakiris a grav\u00e9 dans le roc la mission, la vision et les valeurs de la firme\u00a0: <i>Offrir sans \u00e9quivoque aux clients, aux conseillers financiers et aux souscripteurs sa culture d\u2019excellence, d\u2019ind\u00e9pendance et d\u2019int\u00e9grit\u00e9 afin de demeurer un partenaire indispensable \u00e0 leur succ\u00e8s<\/i>.<\/p><p>\u00a0<\/p><p><a href=\"https:\/\/www.whitemont.com\/wp\/notre-fondateur\/\">Apprenez-en plus<\/a><\/p><\/div>\n\t\t\t\t<\/div>\n\t\t\t\t\t\t\t<div class=\"elementor-accordion-item\">\n\t\t\t\t\t<div id=\"elementor-tab-title-1102\" class=\"elementor-tab-title\" data-tab=\"2\" role=\"button\" aria-controls=\"elementor-tab-content-1102\" aria-expanded=\"false\">\n\t\t\t\t\t\t\t\t\t\t\t\t\t<span class=\"elementor-accordion-icon elementor-accordion-icon-right\" aria-hidden=\"true\">\n\t\t\t\t\t\t\t\t\t\t\t\t\t\t\t<span class=\"elementor-accordion-icon-closed\"><i class=\"fas fa-chevron-down\"><\/i><\/span>\n\t\t\t\t\t\t\t\t<span class=\"elementor-accordion-icon-opened\"><i class=\"fas fa-minus\"><\/i><\/span>\n\t\t\t\t\t\t\t\t\t\t\t\t\t\t<\/span>\n\t\t\t\t\t\t\t\t\t\t\t\t<a class=\"elementor-accordion-title\" tabindex=\"0\">Notre directrice g\u00e9n\u00e9rale<\/a>\n\t\t\t\t\t<\/div>\n\t\t\t\t\t<div id=\"elementor-tab-content-1102\" class=\"elementor-tab-content elementor-clearfix\" data-tab=\"2\" role=\"region\" aria-labelledby=\"elementor-tab-title-1102\"><p class=\"p1\">Femme d\u2019ambition, de conviction\u00a0 et engag\u00e9e, Marie-Claude est \u00e9galement une m\u00e8re de famille accomplie.\u00a0 Depuis plus de 20 ans au sein des services financiers, \u00a0Marie-Claude atteint continuellement de nouveaux sommets.<\/p><p>\u00a0<\/p><p class=\"p1\">Professionnellement, Marie-Claude a d\u2019abord \u00e9volu\u00e9 au sein de la Banque de Montr\u00e9al comme conseill\u00e8re.\u00a0 Par la suite, elle a grandi au sein du Groupe financier PEAK , prenant la rel\u00e8ve quant \u00e0 la gestion de la client\u00e8le de son pr\u00e9sident fondateur.\u00a0 Son implication et son d\u00e9vouement l\u2019ont port\u00e9e \u00e0 \u00eatre admise au prestigieux Club Excellence du Groupe financier PEAK.<\/p><p>\u00a0<\/p><p class=\"p1\">Suite \u00e0 la naissance de ses deux enfants, Marie-Claude d\u00e9sire explorer de nouveaux horizons en agissant \u00e0 titre de vice-pr\u00e9sidente du d\u00e9veloppement des affaires pour le Fonds d\u2019\u00e9ducation H\u00e9ritage.\u00a0 Toutefois, ses racines profond\u00e9ment ancr\u00e9es en elle, la retourne rapidement \u00e0 sa passion premi\u00e8re: servir, guider et conseiller les clients envers l\u2019atteinte de leurs objectifs.<\/p><p>\u00a0<\/p><p><a href=\"https:\/\/www.whitemont.com\/wp\/direcdtrice-generale\/\">Apprenez-en plus<\/a><\/p><\/div>\n\t\t\t\t<\/div>\n\t\t\t\t\t\t\t<div class=\"elementor-accordion-item\">\n\t\t\t\t\t<div id=\"elementor-tab-title-1103\" class=\"elementor-tab-title\" data-tab=\"3\" role=\"button\" aria-controls=\"elementor-tab-content-1103\" aria-expanded=\"false\">\n\t\t\t\t\t\t\t\t\t\t\t\t\t<span class=\"elementor-accordion-icon elementor-accordion-icon-right\" aria-hidden=\"true\">\n\t\t\t\t\t\t\t\t\t\t\t\t\t\t\t<span class=\"elementor-accordion-icon-closed\"><i class=\"fas fa-chevron-down\"><\/i><\/span>\n\t\t\t\t\t\t\t\t<span class=\"elementor-accordion-icon-opened\"><i class=\"fas fa-minus\"><\/i><\/span>\n\t\t\t\t\t\t\t\t\t\t\t\t\t\t<\/span>\n\t\t\t\t\t\t\t\t\t\t\t\t<a class=\"elementor-accordion-title\" tabindex=\"0\">Conseillers<\/a>\n\t\t\t\t\t<\/div>\n\t\t\t\t\t<div id=\"elementor-tab-content-1103\" class=\"elementor-tab-content elementor-clearfix\" data-tab=\"3\" role=\"region\" aria-labelledby=\"elementor-tab-title-1103\"><p class=\"p1\">Plus d&rsquo;informations \u00e0 venir.<\/p><\/div>\n\t\t\t\t<\/div>\n\t\t\t\t\t\t\t<div class=\"elementor-accordion-item\">\n\t\t\t\t\t<div id=\"elementor-tab-title-1104\" class=\"elementor-tab-title\" data-tab=\"4\" role=\"button\" aria-controls=\"elementor-tab-content-1104\" aria-expanded=\"false\">\n\t\t\t\t\t\t\t\t\t\t\t\t\t<span class=\"elementor-accordion-icon elementor-accordion-icon-right\" aria-hidden=\"true\">\n\t\t\t\t\t\t\t\t\t\t\t\t\t\t\t<span class=\"elementor-accordion-icon-closed\"><i class=\"fas fa-chevron-down\"><\/i><\/span>\n\t\t\t\t\t\t\t\t<span class=\"elementor-accordion-icon-opened\"><i class=\"fas fa-minus\"><\/i><\/span>\n\t\t\t\t\t\t\t\t\t\t\t\t\t\t<\/span>\n\t\t\t\t\t\t\t\t\t\t\t\t<a class=\"elementor-accordion-title\" tabindex=\"0\">Employ\u00e9s<\/a>\n\t\t\t\t\t<\/div>\n\t\t\t\t\t<div id=\"elementor-tab-content-1104\" class=\"elementor-tab-content elementor-clearfix\" data-tab=\"4\" role=\"region\" aria-labelledby=\"elementor-tab-title-1104\"><p>Plus d&rsquo;informations \u00e0 venir.<\/p><\/div>\n\t\t\t\t<\/div>\n\t\t\t\t\t\t\t\t<\/div>\n\t\t\t\t\t\t<\/div>\n\t\t\t\t<\/div>\n\t\t\t\t<\/div>\n\t\t\t\t\t<\/div>\n\t\t\t\t<\/div>\n\t\t\t\t<\/div>\n\t\t","protected":false},"excerpt":{"rendered":"<p>Notre \u00e9quipe Notre fondateur Peter Tsakiris est un gestionnaire de portefeuille motiv\u00e9, accompli, et d\u00e9termin\u00e9. Il a acquis une exp\u00e9rience de grande envergure \u00e0 titre d\u2019administrateur agr\u00e9\u00e9, de planificateur financier, de conseiller en s\u00e9curit\u00e9 financi\u00e8re, de conseiller en assurance et rentes collectives, et de courtier hypoth\u00e9caire agr\u00e9\u00e9.\u00a0 Expert dans la gestion du patrimoine, Peter Tsakiris<br \/><a class=\"moretag\" href=\"https:\/\/www.whitemont.com\/wp\/notre-equipe\/\">+ Read More<\/a><\/p>\n","protected":false},"author":1,"featured_media":0,"parent":0,"menu_order":0,"comment_status":"closed","ping_status":"closed","template":"elementor_header_footer","meta":{"footnotes":""},"class_list":["post-3467","page","type-page","status-publish","hentry"],"_links":{"self":[{"href":"https:\/\/www.whitemont.com\/wp\/wp-json\/wp\/v2\/pages\/3467","targetHints":{"allow":["GET"]}}],"collection":[{"href":"https:\/\/www.whitemont.com\/wp\/wp-json\/wp\/v2\/pages"}],"about":[{"href":"https:\/\/www.whitemont.com\/wp\/wp-json\/wp\/v2\/types\/page"}],"author":[{"embeddable":true,"href":"https:\/\/www.whitemont.com\/wp\/wp-json\/wp\/v2\/users\/1"}],"replies":[{"embeddable":true,"href":"https:\/\/www.whitemont.com\/wp\/wp-json\/wp\/v2\/comments?post=3467"}],"version-history":[{"count":31,"href":"https:\/\/www.whitemont.com\/wp\/wp-json\/wp\/v2\/pages\/3467\/revisions"}],"predecessor-version":[{"id":3647,"href":"https:\/\/www.whitemont.com\/wp\/wp-json\/wp\/v2\/pages\/3467\/revisions\/3647"}],"wp:attachment":[{"href":"https:\/\/www.whitemont.com\/wp\/wp-json\/wp\/v2\/media?parent=3467"}],"curies":[{"name":"wp","href":"https:\/\/api.w.org\/{rel}","templated":true}]}}