{"id":3533,"date":"2023-09-25T00:41:59","date_gmt":"2023-09-25T00:41:59","guid":{"rendered":"https:\/\/www.whitemont.com\/wp\/?page_id=3533"},"modified":"2023-09-25T13:04:26","modified_gmt":"2023-09-25T13:04:26","slug":"direcdtrice-generale","status":"publish","type":"page","link":"https:\/\/www.whitemont.com\/wp\/direcdtrice-generale\/","title":{"rendered":"Direcdtrice g\u00e9n\u00e9rale"},"content":{"rendered":"\t\t<div data-elementor-type=\"wp-page\" data-elementor-id=\"3533\" class=\"elementor elementor-3533\" data-elementor-post-type=\"page\">\n\t\t\t\t<div data-particle_enable=\"false\" data-particle-mobile-disabled=\"false\" class=\"elementor-element elementor-element-5f344bf6 e-flex e-con-boxed e-con e-parent\" data-id=\"5f344bf6\" data-element_type=\"container\" data-e-type=\"container\">\n\t\t\t\t\t<div class=\"e-con-inner\">\n\t\t\t\t\t<\/div>\n\t\t\t\t<\/div>\n\t\t<div data-particle_enable=\"false\" data-particle-mobile-disabled=\"false\" class=\"elementor-element elementor-element-29318c0f animated-slow e-flex e-con-boxed elementor-invisible e-con e-parent\" data-id=\"29318c0f\" data-element_type=\"container\" data-e-type=\"container\" data-settings=\"{&quot;animation&quot;:&quot;fadeIn&quot;}\">\n\t\t\t\t\t<div class=\"e-con-inner\">\n\t\t\t\t<div class=\"elementor-element elementor-element-520fe0e9 animated-slow elementor-invisible elementor-widget elementor-widget-heading\" data-id=\"520fe0e9\" data-element_type=\"widget\" data-e-type=\"widget\" data-settings=\"{&quot;_animation&quot;:&quot;fadeIn&quot;}\" data-widget_type=\"heading.default\">\n\t\t\t\t<div class=\"elementor-widget-container\">\n\t\t\t\t\t<h2 class=\"elementor-heading-title elementor-size-default\">Notre directrice g\u00e9n\u00e9rale<\/h2>\t\t\t\t<\/div>\n\t\t\t\t<\/div>\n\t\t\t\t\t<\/div>\n\t\t\t\t<\/div>\n\t\t<div data-particle_enable=\"false\" data-particle-mobile-disabled=\"false\" class=\"elementor-element elementor-element-480e267 e-flex e-con-boxed e-con e-parent\" data-id=\"480e267\" data-element_type=\"container\" data-e-type=\"container\">\n\t\t\t\t\t<div class=\"e-con-inner\">\n\t\t<div data-particle_enable=\"false\" data-particle-mobile-disabled=\"false\" class=\"elementor-element elementor-element-6e5fa88 e-con-full e-flex e-con e-child\" data-id=\"6e5fa88\" data-element_type=\"container\" data-e-type=\"container\">\n\t\t<div data-particle_enable=\"false\" data-particle-mobile-disabled=\"false\" class=\"elementor-element elementor-element-aee7091 e-con-full e-flex e-con e-child\" data-id=\"aee7091\" data-element_type=\"container\" data-e-type=\"container\">\n\t\t\t\t<div class=\"elementor-element elementor-element-50b6f8e elementor-widget__width-initial elementor-widget elementor-widget-heading\" data-id=\"50b6f8e\" data-element_type=\"widget\" data-e-type=\"widget\" data-widget_type=\"heading.default\">\n\t\t\t\t<div class=\"elementor-widget-container\">\n\t\t\t\t\t<h2 class=\"elementor-heading-title elementor-size-default\">Marie-Claude Savard<\/h2>\t\t\t\t<\/div>\n\t\t\t\t<\/div>\n\t\t\t\t<div class=\"elementor-element elementor-element-f74a8bb elementor-widget__width-initial elementor-widget elementor-widget-text-editor\" data-id=\"f74a8bb\" data-element_type=\"widget\" data-e-type=\"widget\" data-widget_type=\"text-editor.default\">\n\t\t\t\t<div class=\"elementor-widget-container\">\n\t\t\t\t\t\t\t\t\t<p class=\"p1\">Directrice G\u00e9n\u00e9rale, Whitemont Inc.<br \/>Planificatrice financi\u00e8re<br \/>Repr\u00e9sentante en \u00c9pargne Collective*<br \/>Conseill\u00e8re en s\u00e9curit\u00e9 financi\u00e8re<br \/>Courtier hypoth\u00e9caire- Planipr\u00eat<i><br \/><\/i><\/p>\t\t\t\t\t\t\t\t<\/div>\n\t\t\t\t<\/div>\n\t\t\t\t<\/div>\n\t\t<div data-particle_enable=\"false\" data-particle-mobile-disabled=\"false\" class=\"elementor-element elementor-element-def0839 e-con-full e-flex e-con e-child\" data-id=\"def0839\" data-element_type=\"container\" data-e-type=\"container\">\n\t\t\t\t<div class=\"elementor-element elementor-element-8b9abc5 elementor-widget__width-initial elementor-widget elementor-widget-image\" data-id=\"8b9abc5\" data-element_type=\"widget\" data-e-type=\"widget\" data-widget_type=\"image.default\">\n\t\t\t\t<div class=\"elementor-widget-container\">\n\t\t\t\t\t\t\t\t\t\t\t\t\t\t\t<img fetchpriority=\"high\" decoding=\"async\" width=\"690\" height=\"995\" src=\"https:\/\/www.whitemont.com\/wp\/wp-content\/uploads\/2023\/09\/MC1Small-710x1024.jpg\" class=\"attachment-large size-large wp-image-3543\" alt=\"\" srcset=\"https:\/\/www.whitemont.com\/wp\/wp-content\/uploads\/2023\/09\/MC1Small-710x1024.jpg 710w, https:\/\/www.whitemont.com\/wp\/wp-content\/uploads\/2023\/09\/MC1Small-208x300.jpg 208w, https:\/\/www.whitemont.com\/wp\/wp-content\/uploads\/2023\/09\/MC1Small-768x1107.jpg 768w, https:\/\/www.whitemont.com\/wp\/wp-content\/uploads\/2023\/09\/MC1Small-1065x1536.jpg 1065w, https:\/\/www.whitemont.com\/wp\/wp-content\/uploads\/2023\/09\/MC1Small-1420x2048.jpg 1420w, https:\/\/www.whitemont.com\/wp\/wp-content\/uploads\/2023\/09\/MC1Small-8x12.jpg 8w, https:\/\/www.whitemont.com\/wp\/wp-content\/uploads\/2023\/09\/MC1Small.jpg 1500w\" sizes=\"(max-width: 690px) 100vw, 690px\" \/>\t\t\t\t\t\t\t\t\t\t\t\t\t\t\t<\/div>\n\t\t\t\t<\/div>\n\t\t\t\t<\/div>\n\t\t\t\t<\/div>\n\t\t\t\t<div class=\"elementor-element elementor-element-016d358 elementor-widget__width-initial elementor-widget elementor-widget-text-editor\" data-id=\"016d358\" data-element_type=\"widget\" data-e-type=\"widget\" data-widget_type=\"text-editor.default\">\n\t\t\t\t<div class=\"elementor-widget-container\">\n\t\t\t\t\t\t\t\t\t<p class=\"p1\">Femme d&rsquo;ambition, de conviction\u00a0 et engag\u00e9e, Marie-Claude est \u00e9galement une m\u00e8re de famille accomplie.\u00a0 Depuis plus de 20 ans au sein des services financiers, \u00a0Marie-Claude atteint continuellement de nouveaux sommets.<\/p><p>\u00a0<\/p><p class=\"p1\">Professionnellement, Marie-Claude a d&rsquo;abord \u00e9volu\u00e9 au sein de la Banque de Montr\u00e9al comme conseill\u00e8re.\u00a0 Par la suite, elle a grandi au sein du Groupe financier PEAK , prenant la rel\u00e8ve quant \u00e0 la gestion de la client\u00e8le de son pr\u00e9sident fondateur.\u00a0 Son implication et son d\u00e9vouement l&rsquo;ont port\u00e9e \u00e0 \u00eatre admise au prestigieux Club Excellence du Groupe financier PEAK.<\/p><p>\u00a0<\/p><p class=\"p1\">Suite \u00e0 la naissance de ses deux enfants, Marie-Claude d\u00e9sire explorer de nouveaux horizons en agissant \u00e0 titre de vice-pr\u00e9sidente du d\u00e9veloppement des affaires pour le Fonds d&rsquo;\u00e9ducation H\u00e9ritage.\u00a0 Toutefois, ses racines profond\u00e9ment ancr\u00e9es en elle, la retourne rapidement \u00e0 sa passion premi\u00e8re: servir, guider et conseiller les clients envers l&rsquo;atteinte de leurs objectifs.<\/p><p>\u00a0<\/p><p class=\"p1\">Son implication professionnelle l&rsquo;a conduite \u00e0 \u00eatre membre du conseil d&rsquo;administration des administrateurs agr\u00e9\u00e9s, o\u00f9 elle a contribu\u00e9 \u00e0 la r\u00e9\u00e9criture des nouvelles normes professionnelles.\u00a0 Elle a \u00e9galement si\u00e9g\u00e9 sur le conseil d&rsquo;administration d&rsquo;Advocis.\u00a0 Finalement, elle a eu le plaisir d&rsquo;\u00eatre conf\u00e9renci\u00e8re \u00e0 l&rsquo;Universit\u00e9 Concordia.<\/p><p class=\"p1\">Pr\u00e9sidente du Groupe financier Savard et Associ\u00e9s, elle favorise une approche multidisciplinaire ax\u00e9e sur l&rsquo;ind\u00e9pendance, l&rsquo;int\u00e9grit\u00e9 et les valeurs familiales.<\/p>\t\t\t\t\t\t\t\t<\/div>\n\t\t\t\t<\/div>\n\t\t\t\t\t<\/div>\n\t\t\t\t<\/div>\n\t\t\t\t<\/div>\n\t\t","protected":false},"excerpt":{"rendered":"<p>Notre directrice g\u00e9n\u00e9rale Marie-Claude Savard Directrice G\u00e9n\u00e9rale, Whitemont Inc.Planificatrice financi\u00e8reRepr\u00e9sentante en \u00c9pargne Collective*Conseill\u00e8re en s\u00e9curit\u00e9 financi\u00e8reCourtier hypoth\u00e9caire- Planipr\u00eat Femme d&rsquo;ambition, de conviction\u00a0 et engag\u00e9e, Marie-Claude est \u00e9galement une m\u00e8re de famille accomplie.\u00a0 Depuis plus de 20 ans au sein des services financiers, \u00a0Marie-Claude atteint continuellement de nouveaux sommets. \u00a0 Professionnellement, Marie-Claude a d&rsquo;abord \u00e9volu\u00e9 au<br \/><a class=\"moretag\" href=\"https:\/\/www.whitemont.com\/wp\/direcdtrice-generale\/\">+ Read More<\/a><\/p>\n","protected":false},"author":1,"featured_media":0,"parent":0,"menu_order":0,"comment_status":"closed","ping_status":"closed","template":"elementor_header_footer","meta":{"footnotes":""},"class_list":["post-3533","page","type-page","status-publish","hentry"],"_links":{"self":[{"href":"https:\/\/www.whitemont.com\/wp\/wp-json\/wp\/v2\/pages\/3533","targetHints":{"allow":["GET"]}}],"collection":[{"href":"https:\/\/www.whitemont.com\/wp\/wp-json\/wp\/v2\/pages"}],"about":[{"href":"https:\/\/www.whitemont.com\/wp\/wp-json\/wp\/v2\/types\/page"}],"author":[{"embeddable":true,"href":"https:\/\/www.whitemont.com\/wp\/wp-json\/wp\/v2\/users\/1"}],"replies":[{"embeddable":true,"href":"https:\/\/www.whitemont.com\/wp\/wp-json\/wp\/v2\/comments?post=3533"}],"version-history":[{"count":22,"href":"https:\/\/www.whitemont.com\/wp\/wp-json\/wp\/v2\/pages\/3533\/revisions"}],"predecessor-version":[{"id":3706,"href":"https:\/\/www.whitemont.com\/wp\/wp-json\/wp\/v2\/pages\/3533\/revisions\/3706"}],"wp:attachment":[{"href":"https:\/\/www.whitemont.com\/wp\/wp-json\/wp\/v2\/media?parent=3533"}],"curies":[{"name":"wp","href":"https:\/\/api.w.org\/{rel}","templated":true}]}}